{"id":804,"date":"2020-01-22T19:36:43","date_gmt":"2020-01-22T19:36:43","guid":{"rendered":"http:\/\/62.113.104.201:7777\/tatianaart.ru\/?page_id=804"},"modified":"2025-11-29T14:52:58","modified_gmt":"2025-11-29T11:52:58","slug":"o-hudozhnike","status":"publish","type":"page","link":"https:\/\/tatianaart.ru\/fr\/o-hudozhnike\/","title":{"rendered":"\u041e \u0445\u0443\u0434\u043e\u0436\u043d\u0438\u043a\u0435"},"content":{"rendered":"\n<p><\/p>\n\n\n<p><img decoding=\"async\" class=\"wp-image-1010 alignleft\" style=\"width: 836px;\" src=\"https:\/\/tatianaart.ru\/wp-content\/uploads\/2020\/02\/Tatiana-Lysak-PolischukCV.jpg\" alt=\"\" height=\"512\" srcset=\"https:\/\/tatianaart.ru\/wp-content\/uploads\/2020\/02\/Tatiana-Lysak-PolischukCV.jpg 1451w, https:\/\/tatianaart.ru\/wp-content\/uploads\/2020\/02\/Tatiana-Lysak-PolischukCV-300x184.jpg 300w, https:\/\/tatianaart.ru\/wp-content\/uploads\/2020\/02\/Tatiana-Lysak-PolischukCV-1024x627.jpg 1024w, https:\/\/tatianaart.ru\/wp-content\/uploads\/2020\/02\/Tatiana-Lysak-PolischukCV-150x92.jpg 150w, https:\/\/tatianaart.ru\/wp-content\/uploads\/2020\/02\/Tatiana-Lysak-PolischukCV-768x471.jpg 768w\" sizes=\"(max-width: 1451px) 100vw, 1451px\" \/><\/p>\n<p class=\"western\" lang=\"ru-RU\"><span style=\"font-size: large;\">Tatiana Lysak-Polischuk (1962), originaire d\u2019Ukraine, a fait ses \u00e9tudes \u00e0 l\u2019Acad\u00e9mie des Beaux-Arts \u00e0 Saint-P\u00e9tersbourg. Elle a commenc\u00e9 \u00e0 exposer \u00e0 l\u2019\u00e9tranger en 1989 pendant sa premi\u00e8re visite en Europe \u2014 Belgique. Depuis 2000, elle vit et travaille entre Saint-P\u00e9tersbourg et Paris.<\/span><\/p>\n<p class=\"western\" lang=\"ru-RU\"><span style=\"font-size: large;\"><br \/>Sa peinture frappe par un lien original entre les formes, dict\u00e9 non pas par la raison, mais par le sentiment et la raison ensemble. Dans l\u2019\u0153uvre de Tatiana, la distance entre le sujet et l&rsquo;objet est r\u00e9duite, et la question de la distinction du fini et de l&rsquo;infini, de la personnalit\u00e9 et du monde dans son ensemble se pose. La combinaison de diverses techniques, le travail solide avec les couleurs et les textures permettent \u00e0 l&rsquo;artiste de r\u00e9aliser des images d\u2019une expressivit\u00e9 profonde et d\u2019une richesse \u00e9motionnelle.<\/span><\/p>\n<p class=\"western\" lang=\"ru-RU\"><span style=\"font-size: large;\">Ses \u0153uvres font partie des nombreuses collections priv\u00e9es en Russie et en Europe, de la collection du mus\u00e9e de l\u2019Acad\u00e9mie des Beaux-Arts de Saint-P\u00e9tersbourg et celle du mus\u00e9e national \u00ab\u00a0Galerie d\u2019Art de Kiev\u00a0\u00bb.<\/span><\/p>\n<p class=\"western\" lang=\"ru-RU\"><span style=\"font-size: large;\">Tatiana est un membre actif de la Fondation Taylor (depuis 2015), de l\u2019association des artistes en Normandie (depuis 2017), de l&rsquo;union des artistes de Saint-P\u00e9tersbourg (depuis 1994) et aussi un exposant d&rsquo;Art Capital (depuis 2011).<\/span><\/p>\n<p>Formation :<br \/>1979 &#8211; 1983 \u2013 l\u2019\u00c9cole d\u2019Art de Jeleznogorsk, Russie<br \/>1986 &#8211; 1993 \u2013 l\u2019Acad\u00e9mie russe des Beaux-Arts I.E. R\u00e9pine de Saint-P\u00e9tersbourg, Russie<br \/>Le travail de dipl\u00f4me de fin d\u2019\u00e9tudes se trouve dans la collection du Mus\u00e9e de l&rsquo;Acad\u00e9mie russe<br \/>des Beaux-Arts I.E. R\u00e9pine de Saint-P\u00e9tersbourg<br \/>1993 &#8211; 1995 \u2013 dipl\u00f4me de troisi\u00e8me cycle, le d\u00e9partement de la peinture de l&rsquo;Acad\u00e9mie russe<br \/>des Beaux-Arts I.E. R\u00e9pine de Saint-P\u00e9tersbourg, sous la direction de professeur A. A. Mylnikov<br \/>Membre de l\u2019Union des Artistes Russes depuis 1994<br \/>Membre de l&rsquo;Union des Artistes de Saint-P\u00e9tersbourg depuis 1994<br \/>Membre correspondant de l\u2019Acad\u00e9mie russe des Sciences naturelles depuis 2008<br \/>Membre de la Fondation Taylor depuis 2015<br \/>Membre de l\u2019Association des Artistes en Normandie depuis 2017<br \/>Membre de l\u2019Association des Peintres du Marais depuis 2018<br \/>En 1999, 2000, 2003, 2009, 2011 \u2013 r\u00e9sidence \u00e0 la Cit\u00e9 internationale des arts \u00e0 Paris<br \/>Expositions personnelles :<br \/>1994 \u2013 Galerie L&rsquo;art du Temps, Durbuy, Belgique.<br \/>1995 \u2013 Acad\u00e9mie des Beaux-Arts de Saint-P\u00e9tersbourg, Russie.<br \/>1996 \u2013 2002 \u2013 Des expositions annuelles \u00e0 Anvers : Centre de Pouchkine, Galerie De Minte,<br \/>Galerie De Kappelikke, Anvers, Belgique.<br \/>1999 \u2013 Cit\u00e9 internationale des Arts, Paris, France.<br \/>2000 \u2013 Cit\u00e9 internationale des Arts, Paris, France.<br \/>2001 &#8211; 2011 \u2013 Exposition annuelle La journ\u00e9e de Tatiana, Galerie Salon Bleu, Saint-P\u00e9tersbourg.<br \/>2004 \u2013 Galerie Sensorium, Stavern, Norv\u00e8ge.<br \/>2005 \u2013 Pique-nique, Galerie Sensorium, Stavern, Norv\u00e8ge.<br \/>2005 \u2013 Centre de la culture ukrainienne, Moscou, Russie.<br \/>2007 \u2013 Hurrah ! L\u2019\u00e9t\u00e9 \u00e0 SPb, Art-Man\u00e8ge, Man\u00e8ge, Moscou, Russie.<br \/>2008 \u2013 Regarde !, Art-Man\u00e8ge, Man\u00e8ge, Moscou, Russie.<br \/>2008 \u2013 Les vacances \u00e0 Kiev, Kiev national museum of Russian art, Kiev, Ukraine.<br \/>2009 \u2013 La journ\u00e9e de Tatiana, Galerie Salon bleu, Saint-P\u00e9tersbourg, Russie.<br \/>2009 \u2013 Le journal de Paris, Art-Man\u00e8ge, Man\u00e8ge, Moscou, Russie.<br \/>2011 \u2013 Que le ciel dira ?, l\u2019Union des artistes de Saint-P\u00e9tersbourg, Russie.<br \/>2012 \u2013 La journ\u00e9e de Tatiana, l\u2019Union des artistes de Saint-P\u00e9tersbourg, Russie.<br \/>2013 \u2013 La journ\u00e9e de Tatiana, l\u2019Union des artistes de Saint-P\u00e9tersbourg, Russie.<br \/>2013 \u2013 Tatiana, Th\u00e9\u00e2tre d\u2019Arkadi Ra\u00efkine, Saint-P\u00e9tersbourg, Russie.<br \/>2014 \u2013 Cit\u00e9 internationale des Arts, Paris, France.<br \/>2015 \u2013 Le ciel. La femme. Le mont, I-gallery Instant, Paris, France.<br \/>2015 \u2013 L\u2019artiste Tatiana Lyssak-Polischuk, Stallen Rammer &amp; Kunst, Sandefjord, Norv\u00e8ge.<br \/>2017 \u2013 Oscar &amp; Tatiana, Galerie De Buci, Paris, France (avec Oscar Rabine).<br \/>2018 \u2013 La Tentation de l\u2019Occident, galerie Artbiblio, Paris, France (avec Oscar Rabine).<br \/>2018 \u2013 Sur les Chemins de la Libert\u00e9, Espace Diamant, Ajaccio, Corse (avec Oscar Rabine).<br \/>2018 \u2013 Deux Chemins, Acad\u00e9mie Russe de Florence, Florence, Italie (avec Oscar Rabine).<br \/>2019 \u2013 Vies de chien, Les Peintres du Marais, Paris, FranceMaster classes :<br \/>2008 \u2013 Galerie Sensorium, Stavern, Norv\u00e8ge.<br \/>2009 \u2013 Galerie Berva, Kiev, Ukraine.<br \/>2010 \u2013 La journ\u00e9e de Tatiana, master classe dans le cadre de l\u2019ann\u00e9e de la France en Russie,<br \/>l\u2019Union des artistes de Saint-P\u00e9tersbourg, Saint-P\u00e9tersbourg, Russie.<br \/>2018 \u2013 masterclass in portrait painting, Palazzo di Cosimo Ridolfi, Florence, Italie.<br \/>Expositions collectives :<br \/>1991 \u2013 Centre culturel Annantalon Taidekeskus, Helsinki, Finlande.<br \/>1992 \u2013 Exposition de vente aux ench\u00e8res \u00e0 Drouot, Paris, France.<br \/>1994 \u2013 Stadhaus, Bad Homburg, Allemagne.<br \/>1994 \u2013 Galerie Perspektive, Giessen, Allemagne.<br \/>1994 &#8211; 2007 \u2013 expositions collectives de l&rsquo;Union des artistes de Saint-P\u00e9tersbourg, Russie.<br \/>1999 &#8211; 2001 \u2013 Projet d\u2019exposition Moscou-P\u00e9tersbourg, P\u00e9tersbourg-Moscou, Russie.<br \/>1999, 2000 \u2013 Salon artistique international de la Maison des artistes, Moscou, Russie.<br \/>2001 \u2013 Salon international de Moscou, Maison centrale des artistes, Moscou, Russie.<br \/>2001 \u2013 Exposition \u00e0 l&rsquo;Assembl\u00e9e f\u00e9d\u00e9rale de la F\u00e9d\u00e9ration de Russie, Moscou, Russie.<br \/>2003 \u2013 Projet d\u2019exposition Oui ! La peinture de Saint-P\u00e9tersbourg, Merzenich, Allemagne.<br \/>2004 \u2013 Arche, Man\u00e8ge, Saint-P\u00e9tersbourg, Russie.<br \/>2007 \u2013 Les femmes de la Russie, Mus\u00e9e de l\u2019histoire de la ville, Saint-P\u00e9tersbourg, Russie.<br \/>2007 \u2013 Dans un carr\u00e9, (avec Achot Kavarzian), l&rsquo;Union des artistes de Moscou, Moscou, Russie.<br \/>2007 \u2013 Exposition dans le Mus\u00e9e National de Shanghai, Shanghai, Chine.<br \/>2007 \u2013 Temp\u00e9raments, galerie Sensorium, Stavern, Norv\u00e8ge.<br \/>2009 \u2013 Exposition dans la Maison des arts de Munich (M\u00fcnchener K\u00fcnstlergenossenschaft &#8211;<br \/>k\u00f6niglich privilegiert), Munich, Allemagne.<br \/>2011 \u2013 Art Capital, Salon du dessin et de la peinture \u00e0 l\u2019eau, Grand Palais, Paris, France.<br \/>2014 \u2013 Salon ART shopping, Carrousel du Louvre, Paris, France.<br \/>2014 \u2013 Singapour ART Fair, Singapour, Singapour.<br \/>2017 \u2013 Art Capital, Salon du dessin et de la peinture \u00e0 l\u2019eau, Grand Palais, Paris, France.<br \/>2017 \u2013 1\u00e8re Biennale des Beaux-Arts de Rambouillet, Salle Paten\u00f4tre, Rambouillet, France.<br \/>2018 \u2013 Art Capital, Salon du dessin et de la peinture \u00e0 l\u2019eau, Grand Palais, Paris, France.<br \/>2018 \u2013 91 \u00e8me Salon annuel des Artistes en Normandie, \u00c9glise Saint-Nicolas et Vieux-Saint-<br \/>Sauveur, Caen, France.<br \/>2018 \u2013 Exposition Attention! Enfants, The Museum of 20 th and 21 st Century Saint Petersburg Art,<br \/>Saint-P\u00e9tersbourg, Russie.<br \/>2018 \u2013 Le Salon d\u2019Automne de Paris, section Expressionnisme, Paris, France.<br \/>2018 \u2013 Karl Marx pour toujours, Mus\u00e9e Russe, Saint-P\u00e9tersbourg, Russie.<br \/>2019 \u2013 Salon du Dessin et de la Peinture \u00e0 l&rsquo;eau, Grand Palais, Paris, France.<br \/>Ventes aux ench\u00e8res<br \/>Les \u0153uvres de Tatiana ont \u00e9t\u00e9 mises en vente aux ench\u00e8res \u00e0 Bruxelles, \u00e0 Munich et \u00e0 Paris.<\/p>","protected":false},"excerpt":{"rendered":"<p>Tatiana Lysak-Polischuk (1962), originaire d\u2019Ukraine, a fait ses \u00e9tudes \u00e0 l\u2019Acad\u00e9mie des Beaux-Arts \u00e0 Saint-P\u00e9tersbourg. Elle a commenc\u00e9 \u00e0 exposer \u00e0 l\u2019\u00e9tranger en 1989 pendant sa premi\u00e8re visite en Europe \u2014 Belgique. Depuis 2000, elle vit et travaille entre Saint-P\u00e9tersbourg<\/p>\n","protected":false},"author":1,"featured_media":0,"parent":0,"menu_order":0,"comment_status":"closed","ping_status":"closed","template":"","meta":{"footnotes":""},"class_list":["post-804","page","type-page","status-publish","hentry"],"translation":{"provider":"WPGlobus","version":"3.0.2","language":"fr","enabled_languages":["ru","en","fr"],"languages":{"ru":{"title":true,"content":true,"excerpt":false},"en":{"title":false,"content":true,"excerpt":false},"fr":{"title":false,"content":true,"excerpt":false}}},"_links":{"self":[{"href":"https:\/\/tatianaart.ru\/fr\/wp-json\/wp\/v2\/pages\/804","targetHints":{"allow":["GET"]}}],"collection":[{"href":"https:\/\/tatianaart.ru\/fr\/wp-json\/wp\/v2\/pages"}],"about":[{"href":"https:\/\/tatianaart.ru\/fr\/wp-json\/wp\/v2\/types\/page"}],"author":[{"embeddable":true,"href":"https:\/\/tatianaart.ru\/fr\/wp-json\/wp\/v2\/users\/1"}],"replies":[{"embeddable":true,"href":"https:\/\/tatianaart.ru\/fr\/wp-json\/wp\/v2\/comments?post=804"}],"version-history":[{"count":48,"href":"https:\/\/tatianaart.ru\/fr\/wp-json\/wp\/v2\/pages\/804\/revisions"}],"predecessor-version":[{"id":3315,"href":"https:\/\/tatianaart.ru\/fr\/wp-json\/wp\/v2\/pages\/804\/revisions\/3315"}],"wp:attachment":[{"href":"https:\/\/tatianaart.ru\/fr\/wp-json\/wp\/v2\/media?parent=804"}],"curies":[{"name":"wp","href":"https:\/\/api.w.org\/{rel}","templated":true}]}}